{"id":929,"date":"2019-01-08T14:35:33","date_gmt":"2019-01-08T14:35:33","guid":{"rendered":"http:\/\/mareswagen.com\/qui-som\/"},"modified":"2022-09-21T11:03:52","modified_gmt":"2022-09-21T11:03:52","slug":"qui-som","status":"publish","type":"page","link":"https:\/\/mareswagen.com\/es\/qui-som\/","title":{"rendered":"QUI\u00c9NES SOMOS"},"content":{"rendered":"\n<style type=\"text\/css\" data-created_by=\"avia_inline_auto\" id=\"style-css-av-jo8ij993-d39016e727315edbbd55395ae3949467\">\n#top .hr.hr-invisible.av-jo8ij993-d39016e727315edbbd55395ae3949467{\nheight:50px;\n}\n<\/style>\n<div  class='hr av-jo8ij993-d39016e727315edbbd55395ae3949467 hr-invisible  avia-builder-el-0  el_before_av_textblock  avia-builder-el-first '><span class='hr-inner '><span class=\"hr-inner-style\"><\/span><\/span><\/div>\n<section  class='av_textblock_section av-jo8iflvv-51e39774dc527cbd0e510be520e7e4bd '   itemscope=\"itemscope\" itemtype=\"https:\/\/schema.org\/CreativeWork\" ><div class='avia_textblock'  itemprop=\"text\" ><h2 style=\"text-align: center;\">NUESTRA FILOSOF\u00cdA ES SATISFACER<br \/>\nLAS NECESIDADES DEL CLIENTE CON PRECIO, CALIDAD Y GARANT\u00cdA.<\/h2>\n<h2 style=\"text-align: center;\">SIEMPRE A TU LADO<\/h2>\n<\/div><\/section>\n\n<style type=\"text\/css\" data-created_by=\"avia_inline_auto\" id=\"style-css-av-jo8il557-5477f6aaaf30de8c55026e2249383694\">\n#top .hr.av-jo8il557-5477f6aaaf30de8c55026e2249383694{\nmargin-top:-5px;\nmargin-bottom:20px;\n}\n.hr.av-jo8il557-5477f6aaaf30de8c55026e2249383694 .hr-inner{\nwidth:50px;\nborder-color:#2c353d;\n}\n<\/style>\n<div  class='hr av-jo8il557-5477f6aaaf30de8c55026e2249383694 hr-custom  avia-builder-el-2  el_after_av_textblock  el_before_av_textblock  hr-center hr-icon-no'><span class='hr-inner inner-border-av-border-fat'><span class=\"hr-inner-style\"><\/span><\/span><\/div>\n<section  class='av_textblock_section av-jo8iioqd-0085bd693987a4750066f79e7cb5f341 '   itemscope=\"itemscope\" itemtype=\"https:\/\/schema.org\/CreativeWork\" ><div class='avia_textblock'  itemprop=\"text\" ><p style=\"text-align: center;\">Con m\u00e1s de 20 de experiencia en el sector,\u00a0Mareswagen\u00a0es una empresa especializada en la compra-venta de veh\u00edculos nuevos y de segunda mano, gerencia y KM. 0. Disponemos de todo tipo de coches de media y alta\u00a0gama para uso profesional y particular. Nuestra filosof\u00eda es satisfacer siempre las necesidades del cliente con precio, calidad y garant\u00eda.<\/p>\n<p style=\"text-align: center;\">Nuestra dilatada experiencia nos permite trabajar con las principales marcas de coches nuevos y disponemos de amplios cat\u00e1logos para escoger el mejor precio. Te asesoramos en la elecci\u00f3n siempre pensando en la mejor calidad y garant\u00edas que puede ofrecerte el veh\u00edculo. Entregamos todos nuestros veh\u00edculos con las revisiones mec\u00e1nicas y garant\u00edas correspondientes.<\/p>\n<p style=\"text-align: center;\">\u00a1Siempre a tu lado!<\/p>\n<\/div><\/section>\n<\/div><\/div><\/div><!-- close content main div --><\/div><\/div><div id='full_slider_1'  class='avia-fullwidth-slider main_color avia-shadow av-small-hide av-mini-hide  avia-builder-el-4  el_after_av_textblock  avia-builder-el-last   slider-not-first container_wrap sidebar_right'  ><div  class='avia-slideshow av-jo8j4rvm-89f728a6b20480ac81145e78b6a18eb3 avia-slideshow-no scaling av_slideshow_full avia-slide-slider av-small-hide av-mini-hide av-slideshow-ui av-control-default av-slideshow-autoplay av-loop-endless av-loop-manual-endless av-default-height-applied   avia-slideshow-1' data-slideshow-options=\"{&quot;animation&quot;:&quot;slide&quot;,&quot;autoplay&quot;:true,&quot;loop_autoplay&quot;:&quot;endless&quot;,&quot;interval&quot;:5,&quot;loop_manual&quot;:&quot;manual-endless&quot;,&quot;autoplay_stopper&quot;:false,&quot;noNavigation&quot;:false,&quot;bg_slider&quot;:false,&quot;keep_padding&quot;:false,&quot;hoverpause&quot;:false,&quot;show_slide_delay&quot;:0}\"  itemprop=\"image\" itemscope=\"itemscope\" itemtype=\"https:\/\/schema.org\/ImageObject\" ><ul class='avia-slideshow-inner ' style='padding-bottom: 37%;'><li  class='avia-slideshow-slide av-jo8j4rvm-89f728a6b20480ac81145e78b6a18eb3__0  slide-1 slide-odd'><div data-rel='slideshow-1' class='avia-slide-wrap '   ><img decoding=\"async\" fetchpriority=\"high\" class=\"wp-image-14956 avia-img-lazy-loading-not-14956\"  src=\"https:\/\/mareswagen.com\/wp-content\/uploads\/2022\/09\/SliderQuiSom-3-Mareswagen.png\" width=\"1500\" height=\"555\" title='' alt=''  itemprop=\"thumbnailUrl\" srcset=\"https:\/\/mareswagen.com\/wp-content\/uploads\/2022\/09\/SliderQuiSom-3-Mareswagen.png 1500w, https:\/\/mareswagen.com\/wp-content\/uploads\/2022\/09\/SliderQuiSom-3-Mareswagen-300x111.png 300w, https:\/\/mareswagen.com\/wp-content\/uploads\/2022\/09\/SliderQuiSom-3-Mareswagen-1030x381.png 1030w, https:\/\/mareswagen.com\/wp-content\/uploads\/2022\/09\/SliderQuiSom-3-Mareswagen-768x284.png 768w, https:\/\/mareswagen.com\/wp-content\/uploads\/2022\/09\/SliderQuiSom-3-Mareswagen-705x261.png 705w\" sizes=\"(max-width: 1500px) 100vw, 1500px\" \/><\/div><\/li><li  class='avia-slideshow-slide av-jo8j4rvm-89f728a6b20480ac81145e78b6a18eb3__1  slide-2 slide-even'><div data-rel='slideshow-1' class='avia-slide-wrap '   ><img decoding=\"async\" fetchpriority=\"high\" class=\"wp-image-14954 avia-img-lazy-loading-not-14954\"  src=\"https:\/\/mareswagen.com\/wp-content\/uploads\/2022\/09\/SliderQuiSom-4-Mareswagen.png\" width=\"1500\" height=\"555\" title='' alt=''  itemprop=\"thumbnailUrl\" srcset=\"https:\/\/mareswagen.com\/wp-content\/uploads\/2022\/09\/SliderQuiSom-4-Mareswagen.png 1500w, https:\/\/mareswagen.com\/wp-content\/uploads\/2022\/09\/SliderQuiSom-4-Mareswagen-300x111.png 300w, https:\/\/mareswagen.com\/wp-content\/uploads\/2022\/09\/SliderQuiSom-4-Mareswagen-1030x381.png 1030w, https:\/\/mareswagen.com\/wp-content\/uploads\/2022\/09\/SliderQuiSom-4-Mareswagen-768x284.png 768w, https:\/\/mareswagen.com\/wp-content\/uploads\/2022\/09\/SliderQuiSom-4-Mareswagen-705x261.png 705w\" sizes=\"(max-width: 1500px) 100vw, 1500px\" \/><\/div><\/li><li  class='avia-slideshow-slide av-jo8j4rvm-89f728a6b20480ac81145e78b6a18eb3__2  slide-3 slide-odd'><div data-rel='slideshow-1' class='avia-slide-wrap '   ><img decoding=\"async\" fetchpriority=\"high\" class=\"wp-image-14958 avia-img-lazy-loading-not-14958\"  src=\"https:\/\/mareswagen.com\/wp-content\/uploads\/2022\/09\/SliderQuiSom-2-Mareswagen.png\" width=\"1500\" height=\"555\" title='' alt=''  itemprop=\"thumbnailUrl\" srcset=\"https:\/\/mareswagen.com\/wp-content\/uploads\/2022\/09\/SliderQuiSom-2-Mareswagen.png 1500w, https:\/\/mareswagen.com\/wp-content\/uploads\/2022\/09\/SliderQuiSom-2-Mareswagen-300x111.png 300w, https:\/\/mareswagen.com\/wp-content\/uploads\/2022\/09\/SliderQuiSom-2-Mareswagen-1030x381.png 1030w, https:\/\/mareswagen.com\/wp-content\/uploads\/2022\/09\/SliderQuiSom-2-Mareswagen-768x284.png 768w, https:\/\/mareswagen.com\/wp-content\/uploads\/2022\/09\/SliderQuiSom-2-Mareswagen-705x261.png 705w\" sizes=\"(max-width: 1500px) 100vw, 1500px\" \/><\/div><\/li><li  class='avia-slideshow-slide av-jo8j4rvm-89f728a6b20480ac81145e78b6a18eb3__3  slide-4 slide-even'><div data-rel='slideshow-1' class='avia-slide-wrap '   ><img decoding=\"async\" fetchpriority=\"high\" class=\"wp-image-14960 avia-img-lazy-loading-not-14960\"  src=\"https:\/\/mareswagen.com\/wp-content\/uploads\/2022\/09\/SliderQuiSom-1-Mareswagen.png\" width=\"1500\" height=\"555\" title='' alt=''  itemprop=\"thumbnailUrl\" srcset=\"https:\/\/mareswagen.com\/wp-content\/uploads\/2022\/09\/SliderQuiSom-1-Mareswagen.png 1500w, https:\/\/mareswagen.com\/wp-content\/uploads\/2022\/09\/SliderQuiSom-1-Mareswagen-300x111.png 300w, https:\/\/mareswagen.com\/wp-content\/uploads\/2022\/09\/SliderQuiSom-1-Mareswagen-1030x381.png 1030w, https:\/\/mareswagen.com\/wp-content\/uploads\/2022\/09\/SliderQuiSom-1-Mareswagen-768x284.png 768w, https:\/\/mareswagen.com\/wp-content\/uploads\/2022\/09\/SliderQuiSom-1-Mareswagen-705x261.png 705w\" sizes=\"(max-width: 1500px) 100vw, 1500px\" \/><\/div><\/li><\/ul><div class='avia-slideshow-arrows avia-slideshow-controls' ><a href='#prev' class='prev-slide ' aria-hidden='true' data-av_icon='\ue87c' data-av_iconfont='entypo-fontello'  tabindex='-1'>Anterior<\/a><a href='#next' class='next-slide ' aria-hidden='true' data-av_icon='\ue87d' data-av_iconfont='entypo-fontello'  tabindex='-1'>Posterior<\/a><\/div><div class='avia-slideshow-dots avia-slideshow-controls'><a href='#1' class='goto-slide active' >1<\/a><a href='#2' class='goto-slide ' >2<\/a><a href='#3' class='goto-slide ' >3<\/a><a href='#4' class='goto-slide ' >4<\/a><\/div><\/div><\/div>\n","protected":false},"excerpt":{"rendered":"","protected":false},"author":2,"featured_media":0,"parent":0,"menu_order":0,"comment_status":"closed","ping_status":"closed","template":"","meta":{"footnotes":""},"class_list":["post-929","page","type-page","status-publish","hentry"],"yoast_head":"<!-- This site is optimized with the Yoast SEO plugin v27.5 - https:\/\/yoast.com\/product\/yoast-seo-wordpress\/ -->\n<title>QUI\u00c9NES SOMOS - MaresWagen<\/title>\n<meta name=\"robots\" content=\"index, follow, max-snippet:-1, max-image-preview:large, max-video-preview:-1\" \/>\n<link rel=\"canonical\" href=\"https:\/\/mareswagen.com\/es\/qui-som\/\" \/>\n<meta property=\"og:locale\" content=\"es_ES\" \/>\n<meta property=\"og:type\" content=\"article\" \/>\n<meta property=\"og:title\" content=\"QUI\u00c9NES SOMOS - MaresWagen\" \/>\n<meta property=\"og:url\" content=\"https:\/\/mareswagen.com\/es\/qui-som\/\" \/>\n<meta property=\"og:site_name\" content=\"MaresWagen\" \/>\n<meta property=\"article:modified_time\" content=\"2022-09-21T11:03:52+00:00\" \/>\n<meta name=\"twitter:card\" content=\"summary_large_image\" \/>\n<meta name=\"twitter:label1\" content=\"Tiempo de lectura\" \/>\n\t<meta name=\"twitter:data1\" content=\"2 minutos\" \/>\n<script type=\"application\/ld+json\" class=\"yoast-schema-graph\">{\"@context\":\"https:\\\/\\\/schema.org\",\"@graph\":[{\"@type\":\"WebPage\",\"@id\":\"https:\\\/\\\/mareswagen.com\\\/es\\\/qui-som\\\/\",\"url\":\"https:\\\/\\\/mareswagen.com\\\/es\\\/qui-som\\\/\",\"name\":\"QUI\u00c9NES SOMOS - MaresWagen\",\"isPartOf\":{\"@id\":\"https:\\\/\\\/mareswagen.com\\\/#website\"},\"datePublished\":\"2019-01-08T14:35:33+00:00\",\"dateModified\":\"2022-09-21T11:03:52+00:00\",\"breadcrumb\":{\"@id\":\"https:\\\/\\\/mareswagen.com\\\/es\\\/qui-som\\\/#breadcrumb\"},\"inLanguage\":\"es\",\"potentialAction\":[{\"@type\":\"ReadAction\",\"target\":[\"https:\\\/\\\/mareswagen.com\\\/es\\\/qui-som\\\/\"]}]},{\"@type\":\"BreadcrumbList\",\"@id\":\"https:\\\/\\\/mareswagen.com\\\/es\\\/qui-som\\\/#breadcrumb\",\"itemListElement\":[{\"@type\":\"ListItem\",\"position\":1,\"name\":\"Portada\",\"item\":\"https:\\\/\\\/mareswagen.com\\\/es\\\/inicio\\\/\"},{\"@type\":\"ListItem\",\"position\":2,\"name\":\"QUI\u00c9NES SOMOS\"}]},{\"@type\":\"WebSite\",\"@id\":\"https:\\\/\\\/mareswagen.com\\\/#website\",\"url\":\"https:\\\/\\\/mareswagen.com\\\/\",\"name\":\"Clonica\",\"description\":\"Base WP\",\"potentialAction\":[{\"@type\":\"SearchAction\",\"target\":{\"@type\":\"EntryPoint\",\"urlTemplate\":\"https:\\\/\\\/mareswagen.com\\\/?s={search_term_string}\"},\"query-input\":{\"@type\":\"PropertyValueSpecification\",\"valueRequired\":true,\"valueName\":\"search_term_string\"}}],\"inLanguage\":\"es\"}]}<\/script>\n<!-- \/ Yoast SEO plugin. -->","yoast_head_json":{"title":"QUI\u00c9NES SOMOS - MaresWagen","robots":{"index":"index","follow":"follow","max-snippet":"max-snippet:-1","max-image-preview":"max-image-preview:large","max-video-preview":"max-video-preview:-1"},"canonical":"https:\/\/mareswagen.com\/es\/qui-som\/","og_locale":"es_ES","og_type":"article","og_title":"QUI\u00c9NES SOMOS - MaresWagen","og_url":"https:\/\/mareswagen.com\/es\/qui-som\/","og_site_name":"MaresWagen","article_modified_time":"2022-09-21T11:03:52+00:00","twitter_card":"summary_large_image","twitter_misc":{"Tiempo de lectura":"2 minutos"},"schema":{"@context":"https:\/\/schema.org","@graph":[{"@type":"WebPage","@id":"https:\/\/mareswagen.com\/es\/qui-som\/","url":"https:\/\/mareswagen.com\/es\/qui-som\/","name":"QUI\u00c9NES SOMOS - MaresWagen","isPartOf":{"@id":"https:\/\/mareswagen.com\/#website"},"datePublished":"2019-01-08T14:35:33+00:00","dateModified":"2022-09-21T11:03:52+00:00","breadcrumb":{"@id":"https:\/\/mareswagen.com\/es\/qui-som\/#breadcrumb"},"inLanguage":"es","potentialAction":[{"@type":"ReadAction","target":["https:\/\/mareswagen.com\/es\/qui-som\/"]}]},{"@type":"BreadcrumbList","@id":"https:\/\/mareswagen.com\/es\/qui-som\/#breadcrumb","itemListElement":[{"@type":"ListItem","position":1,"name":"Portada","item":"https:\/\/mareswagen.com\/es\/inicio\/"},{"@type":"ListItem","position":2,"name":"QUI\u00c9NES SOMOS"}]},{"@type":"WebSite","@id":"https:\/\/mareswagen.com\/#website","url":"https:\/\/mareswagen.com\/","name":"Clonica","description":"Base WP","potentialAction":[{"@type":"SearchAction","target":{"@type":"EntryPoint","urlTemplate":"https:\/\/mareswagen.com\/?s={search_term_string}"},"query-input":{"@type":"PropertyValueSpecification","valueRequired":true,"valueName":"search_term_string"}}],"inLanguage":"es"}]}},"_links":{"self":[{"href":"https:\/\/mareswagen.com\/es\/wp-json\/wp\/v2\/pages\/929","targetHints":{"allow":["GET"]}}],"collection":[{"href":"https:\/\/mareswagen.com\/es\/wp-json\/wp\/v2\/pages"}],"about":[{"href":"https:\/\/mareswagen.com\/es\/wp-json\/wp\/v2\/types\/page"}],"author":[{"embeddable":true,"href":"https:\/\/mareswagen.com\/es\/wp-json\/wp\/v2\/users\/2"}],"replies":[{"embeddable":true,"href":"https:\/\/mareswagen.com\/es\/wp-json\/wp\/v2\/comments?post=929"}],"version-history":[{"count":0,"href":"https:\/\/mareswagen.com\/es\/wp-json\/wp\/v2\/pages\/929\/revisions"}],"wp:attachment":[{"href":"https:\/\/mareswagen.com\/es\/wp-json\/wp\/v2\/media?parent=929"}],"curies":[{"name":"wp","href":"https:\/\/api.w.org\/{rel}","templated":true}]}}