{"id":3,"date":"2018-10-09T07:45:37","date_gmt":"2018-10-09T07:45:37","guid":{"rendered":"http:\/\/mareswagen.com\/?page_id=3"},"modified":"2018-11-05T18:04:43","modified_gmt":"2018-11-05T18:04:43","slug":"condiciones-de-uso-de-la-web","status":"publish","type":"page","link":"https:\/\/mareswagen.com\/es\/condiciones-de-uso-de-la-web\/","title":{"rendered":"Condiciones de uso de la web"},"content":{"rendered":"\n<style type=\"text\/css\" data-created_by=\"avia_inline_auto\" id=\"style-css-av-av_one_full-1df1b63c6c045939f2dc1aefbdd8e7ad\">\n.flex_column.av-av_one_full-1df1b63c6c045939f2dc1aefbdd8e7ad{\nborder-radius:0px 0px 0px 0px;\npadding:0px 0px 0px 0px;\n}\n<\/style>\n<div  class='flex_column av-av_one_full-1df1b63c6c045939f2dc1aefbdd8e7ad av_one_full  avia-builder-el-0  avia-builder-el-no-sibling  first flex_column_div av-zero-column-padding  '     ><p>\n<style type=\"text\/css\" data-created_by=\"avia_inline_auto\" id=\"style-css-av-jo4m7oof-48cdbed7374e3341ac2e49cdbcc3d894\">\n#top .av-special-heading.av-jo4m7oof-48cdbed7374e3341ac2e49cdbcc3d894{\npadding-bottom:10px;\n}\nbody .av-special-heading.av-jo4m7oof-48cdbed7374e3341ac2e49cdbcc3d894 .av-special-heading-tag .heading-char{\nfont-size:25px;\n}\n.av-special-heading.av-jo4m7oof-48cdbed7374e3341ac2e49cdbcc3d894 .av-subheading{\nfont-size:15px;\n}\n<\/style>\n<div  class='av-special-heading av-jo4m7oof-48cdbed7374e3341ac2e49cdbcc3d894 av-special-heading-h3  avia-builder-el-1  el_before_av_textblock  avia-builder-el-first '><h3 class='av-special-heading-tag '  itemprop=\"headline\"  >Condiciones de uso de la web<\/h3><div class=\"special-heading-border\"><div class=\"special-heading-inner-border\"><\/div><\/div><\/div><br \/>\n<section  class='av_textblock_section av-jo4m7y3c-6d540818a332897284b7cb4a4605ad97 '   itemscope=\"itemscope\" itemtype=\"https:\/\/schema.org\/CreativeWork\" ><div class='avia_textblock'  itemprop=\"text\" ><p>El usuario al utilizar la web acepta las presentes condiciones generales y se compromete a utilizar la p\u00e1gina web, los servicios y los contenidos alojados de conformidad con las mismas. El usuario acepta que el uso de la web, de los servicios y los contenidos lo realiza bajo su \u00fanica y exclusiva responsabilidad.<\/p>\n<section class=\"av_textblock_section \">\n<div class=\"avia_textblock \">\n<div class=\"entry-content\">\n<p>Esta p\u00e1gina web (la \u201cP\u00e1gina\u201d) es propiedad de ___________________________, con domicilio social en __________________, 00000<span lang=\"ca\" xml:lang=\"ca\">\u00a0_________________ (___________)<\/span>, sociedad inscrita en el Registro Mercantil de Barcelona en el tomo ________, Folio _____, Hoja\u00a0 _________, provista de <abbr title=\"C\u00f3digo de Identificaci\u00f3n Fiscal\">CIF<\/abbr> <abbr title=\"N\u00famero\">n\u00ba<\/abbr> B-________________________________-<\/p>\n<h3 class=\"stone-semi post-title\"><a name=\"capitol1\"><\/a>Modificaci\u00f3n de las presentes condiciones<\/h3>\n<p>#_________________# se reserva el derecho de efectuar, sin previo aviso, las modificaciones que considere oportunas en las presentes Condiciones de Uso, oblig\u00e1ndose los usuarios a leer las mismas con atenci\u00f3n, cada vez que deseen utilizar la p\u00e1gina web.<\/p>\n<p>#_________________# se reserva el derecho a denegar o retirar el acceso a la P\u00e1gina y\/o a los servicios, en cualquier momento y sin necesidad de preaviso a los usuarios que incumplan estas Condiciones Generales o las Particulares que les sean de aplicaci\u00f3n.<\/p>\n<h3 class=\"stone-semi post-title\"><a name=\"capitol2\"><\/a>Propiedad intelectual y\/o propiedad industrial<\/h3>\n<p>Todos los derechos de propiedad industrial e intelectual de esta P\u00e1gina y de sus contenidos (textos, logos, iconos, im\u00e1genes, sonidos, audio, video, <span lang=\"en\" xml:lang=\"en\">software<\/span>\u2026) pertenecen a\u00a0#_________________#\u00a0o, en su caso, a terceras personas. El usuario puede visualizar todos los elementos, imprimirlos, copiarlos y almacenarlos en el disco duro de su ordenador o en cualquier otro soporte f\u00edsico siempre y cuando sea, \u00fanica y exclusivamente, para su uso personal y privado, quedando, por tanto, prohibida su utilizaci\u00f3n con fines comerciales, su distribuci\u00f3n, as\u00ed como su modificaci\u00f3n, alteraci\u00f3n o descompilaci\u00f3n.<\/p>\n<p>Los Usuarios deber\u00e1n abstenerse de obtener, e incluso de intentar obtener, informaciones, mensajes, gr\u00e1ficos, dibujos, archivos de sonido y\/o imagen, fotograf\u00edas, grabaciones, <span lang=\"en\" xml:lang=\"en\">software<\/span> y, en general, cualquier clase de material accesibles a trav\u00e9s de esta p\u00e1gina (en adelante, los \u201cContenidos\u201d) empleando para ello medios o procedimientos distintos de los que, seg\u00fan los casos, se hayan puesto a su disposici\u00f3n a este efecto o se hayan indicado a este efecto en la P\u00e1gina o, en general, de los que se empleen habitualmente en internet a este efecto siempre que no entra\u00f1en un riesgo de da\u00f1o o inutilizaci\u00f3n de la P\u00e1gina, de los servicios y\/o de los Contenidos.<\/p>\n<p>#_________________# no concede ninguna licencia o autorizaci\u00f3n expresa o impl\u00edcita de uso de ninguna clase sobre sus derechos de propiedad industrial y\/o intelectual o sobre cualquier otra propiedad o derecho relacionado con la P\u00e1gina, los servicios o los Contenidos, salvo acuerdo escrito entre las partes.<\/p>\n<h3 class=\"stone-semi post-title\"><a name=\"capitol3\"><\/a>Prohibici\u00f3n de difusi\u00f3n de los Contenidos e informaci\u00f3n suministrada<\/h3>\n<p>Los Usuarios se obligan a usar los Contenidos de forma diligente, correcta y l\u00edcita y, en particular, se comprometen a abstenerse de:<\/p>\n<ol>\n<li>Utilizar los Contenidos ya sea de forma total o parcial, con fines o efectos contrarios a la Ley, o a las costumbres generalmente aceptadas;<\/li>\n<li>Reproducir o copiar, distribuir, permitir el acceso del p\u00fablico a trav\u00e9s de cualquier modalidad de comunicaci\u00f3n p\u00fablica, transformar o modificar los Contenidos, a menos que se cuente con la autorizaci\u00f3n escrita del titular de los correspondientes derechos o ello resulte legalmente permitido;<\/li>\n<li>Suprimir, eludir o manipular el \u201c<span lang=\"en\" xml:lang=\"en\">copyright<\/span>\u201d y dem\u00e1s datos identificativos de los derechos de\u00a0#_________________#\u00a0o de sus titulares incorporados a los Contenidos, as\u00ed como los dispositivos t\u00e9cnicos de protecci\u00f3n, las huellas digitales o cualesquiera mecanismos de informaci\u00f3n que pudieren contener los Contenidos;<\/li>\n<li>Emplear los Contenidos y, en particular, la informaci\u00f3n de cualquier clase obtenida a trav\u00e9s de la P\u00e1gina o de los servicios para remitir publicidad, comunicaciones con cualquier finalidad, mensajes no solicitados dirigidos a una pluralidad de personas con independencia de su finalidad, as\u00ed como a abstenerse de comercializar o divulgar de cualquier modo dicha informaci\u00f3n.<\/li>\n<li>Ocultar el origen de la informaci\u00f3n transmitida v\u00eda el sitio web.<\/li>\n<li>Colocar informaci\u00f3n falsa o enga\u00f1osa en el sitio web.<\/li>\n<li>Introducir ni cargar en el sitio web informaci\u00f3n, que contenga virus, caballos de troya, gusanos o cualquier otro virus inform\u00e1tico cuyo fin sea da\u00f1ar, interceptar, expropiar o inferir con alg\u00fan sistema, el sitio web o la informaci\u00f3n o que infrinja los derechos de propiedad intelectual de terceros.<\/li>\n<li>Utilizar el sitio web o los sistemas o servicios de\u00a0#_________________#\u00a0de maneras que afecten adversamente la funci\u00f3n o el funcionamiento de los mismos, o que impidan a terceros autorizados acceder a los mismos.<\/li>\n<\/ol>\n<p>#_________________# perseguir\u00e1 el incumplimiento de las anteriores condiciones as\u00ed como cualquier utilizaci\u00f3n indebida de los contenidos presentados en su sede ejerciendo todas las acciones civiles y penales que le puedan corresponder en derecho.<\/p>\n<p>#_________________# a su vez no reconocer\u00e1 la validez de cualquier reproducci\u00f3n o divulgaci\u00f3n de contenidos de su p\u00e1gina web.<\/p>\n<h3 class=\"stone-semi post-title\"><a name=\"capitol4\"><\/a>Introducci\u00f3n de <span lang=\"en\" xml:lang=\"en\">Links<\/span>, Enlaces, Hiperenlances o Hiperv\u00ednculos<\/h3>\n<p>Los Usuarios y, en general, aquellas personas que se propongan establecer un hiperenlace entre su p\u00e1gina web y la P\u00e1gina (en adelante, el \u201cHiperenlace\u201d), sin perjuicio de que\u00a0#_________________#\u00a0desde este mismo instante se reserva el derecho a denegarlos, deber\u00e1n cumplir, como m\u00ednimo, las condiciones siguientes:<\/p>\n<ol>\n<li>El Hiperenlace \u00fanicamente permitir\u00e1 el acceso a la P\u00e1gina, pero no podr\u00e1 reproducirla de ninguna forma;<\/li>\n<li>No se crear\u00e1 un <span lang=\"en\" xml:lang=\"en\">browser<\/span> ni un <span lang=\"en\" xml:lang=\"en\">border environment<\/span> sobre la P\u00e1gina;<\/li>\n<li>No se realizar\u00e1n manifestaciones o indicaciones falsas, inexactas o incorrectas sobre la P\u00e1gina y los servicios y, en particular, no se declarar\u00e1 ni dar\u00e1 a entender que\u00a0#_________________#\u00a0ha autorizado el Hiperenlace o que ha supervisado o asumido de cualquier forma los contenidos o servicios ofrecidos o puestos a disposici\u00f3n de la p\u00e1gina web en la que se establece el Hiperenlace;<\/li>\n<li>Excepci\u00f3n hecha de aquellos signos que formen parte del mismo Hiperenlace, la p\u00e1gina web en la que se establezca el Hiperenlace no contendr\u00e1 ninguna marca, nombre comercial, r\u00f3tulo de establecimiento, denominaci\u00f3n, logotipo, eslogan u otros signos distintivos pertenecientes a\u00a0#_________________#\u00a0;<\/li>\n<li>La p\u00e1gina web en la que se establezca el Hiperenlace no contendr\u00e1 informaciones o contenidos il\u00edcitos, contrarios a la moral, a las buenas costumbres generalmente aceptadas y\/o al orden p\u00fablico, as\u00ed como tampoco contendr\u00e1 contenidos contrarios a cualesquiera derechos de terceros. El establecimiento del Hiperenlace no implica en ning\u00fan caso la existencia de relaciones entre\u00a0#_________________#\u00a0y el propietario de la p\u00e1gina web en la que se establezca, ni la aceptaci\u00f3n y aprobaci\u00f3n por parte de\u00a0#_________________#\u00a0de sus contenidos o servicios.<\/li>\n<\/ol>\n<h3 class=\"stone-semi post-title\"><a name=\"capitol5\"><\/a>Datos de car\u00e1cter personal<\/h3>\n<p>Los datos personales que usted nos proporcione se incluir\u00e1n en un fichero titularidad de\u00a0#_________________#\u00a0, con la finalidad de realizar la gesti\u00f3n de los servicios de transporte contratados, la gesti\u00f3n contable y administrativa de clientes y\/o la gesti\u00f3n de la promoci\u00f3n en virtud de la cual dichos datos hayan sido solicitados. Los datos personales podr\u00e1n ser cedidos a empresas del Grupo <abbr title=\"Empresa de Transporte Urgente\">MRW<\/abbr> (incluidas aquellas de las empresas franquiciadas que necesariamente tengan que acceder a los datos para prestar el servicio de transporte) exclusivamente para el cumplimiento de las finalidades arriba mencionadas.<\/p>\n<p>Asimismo, los datos personales recabados podr\u00e1n ser tratados con la finalidad de realizar investigaciones de mercado a fin de mejorar los servicios y su calidad, as\u00ed como para mantenerle informado por v\u00eda postal, telef\u00f3nica y\/o electr\u00f3nica, sobre los servicios y promociones del Grupo <abbr title=\"Empresa de Transporte Urgente\">MRW<\/abbr> relacionados con el sector de transportes y actividades conexas (comunicaciones comerciales). En consecuencia, el titular de los datos consiente expresamente que sus datos personales proporcionados puedan ser utilizados para las finalidades indicadas.<\/p>\n<p>El titular de los datos podr\u00e1 ejercer sus derechos de acceso, rectificaci\u00f3n, cancelaci\u00f3n y oposici\u00f3n mediante el env\u00edo de un mensaje de correo electr\u00f3nico a la direcci\u00f3n <b>______@__________.com<\/b>, o por carta enviada a#_________________#, a la direcci\u00f3n postal indicada anteriormente, adjuntando copia de su <abbr title=\"Documento Nacional de Identidad\">DNI<\/abbr> o pasaporte.<\/p>\n<h3 class=\"stone-semi post-title\"><a name=\"capitol6\"><\/a>Exclusi\u00f3n de garant\u00edas y responsabilidad<\/h3>\n<p>#_________________# no garantiza la continuidad, disponibilidad y utilidad de la web, de sus servicios y contenidos. Por ello, no responde por los posibles da\u00f1os y perjuicios de cualquier naturaleza que se pudieran derivar para los usuarios.<\/p>\n<p>#_________________# podr\u00e1 cancelar o suspender su uso del sitio web, la informaci\u00f3n, los servicios y el contenido cuando lo crea conveniente, a su entera discreci\u00f3n, incluso si el acceso y uso contin\u00faan estando permitidos a otros.\u00a0#_________________#\u00a0no ser\u00e1 responsable ante usted ni ante terceros por la cancelaci\u00f3n o suspensi\u00f3n de su acceso al sitio web, la informaci\u00f3n y\/o los servicios.<\/p>\n<p>#_________________# no ser\u00e1 responsable, bajo ninguna circunstancia, de las demoras o fallos de rendimiento resultantes directa o indirectamente de los fen\u00f3menos naturales, fuerzas o causas m\u00e1s all\u00e1 de su control, incluyendo, sin limitaciones, los fallos de internet, fallos de computadoras, fallos de equipos de telecomunicaciones, fallos de otros equipos, fallos de suministro el\u00e9ctrico, huelgas, disputas laborales, motines, falta de materiales o de manos de obra, incendios, inundaciones, tormentas, explosiones, guerra u otras causas an\u00e1logas.<\/p>\n<p>Existe tambi\u00e9n exclusi\u00f3n de responsabilidad de\u00a0#_________________#\u00a0por cualquier da\u00f1o, ya sea este incidental, indirecto u otros. Especialmente no ser\u00e1 responsable por p\u00e9rdida de beneficios, p\u00e9rdida de informaci\u00f3n confidencial o de otro tipo, interrupci\u00f3n de negocios, da\u00f1os a las personas, p\u00e9rdida de privacidad, incumplimiento de obligaciones, por negligencia, alteraciones en bases de datos o supresi\u00f3n de las mismas, ni por cualquier otra p\u00e9rdida, pecuniaria o no, o de cualquier otro tipo.<\/p>\n<p>#_________________# no garantiza la ausencia de virus ni de otros elementos que puedan producir alteraciones en el sistema inform\u00e1tico de los usuarios o en los documentos electr\u00f3nicos o ficheros almacenados en \u00e9l.<\/p>\n<p>#_________________# no garantiza ni asume ning\u00fan tipo de responsabilidad por los da\u00f1os y perjuicios de toda clase que puedan deberse a:<\/p>\n<ol>\n<li>El funcionamiento, disponibilidad, accesibilidad o continuidad de los sitios enlazados;<\/li>\n<li>El mantenimiento de los servicios, informaci\u00f3n, datos, archivos, productos y cualquier clase de material existente en los sitios enlazados;<\/li>\n<li>La prestaci\u00f3n o transmisi\u00f3n de los servicios, informaci\u00f3n, datos, archivos, productos y cualquier clase de material existente en los sitios enlazados;<\/li>\n<li>La calidad, licitud, fiabilidad y utilidad de los servicios, informaci\u00f3n, datos, archivos, productos y cualquier clase de material existente en los sitios enlazados, en los mismos t\u00e9rminos y con el mismo alcance dispuesto en la condici\u00f3n general 10.2 respecto de los contenidos y de los servicios prestados por terceros a trav\u00e9s de la p\u00e1gina.<\/li>\n<\/ol>\n<p>Exclusi\u00f3n de garant\u00edas y responsabilidad por la utilizaci\u00f3n que los usuarios puedan hacer de la web, los servicios y contenidos:\u00a0#_________________#\u00a0no controla ni supervisa que los usuarios utilicen la web, sus servicios y contenidos de conformidad con lo dispuesto en las presentes Condiciones Generales y en las Condiciones Particulares que sean de aplicaci\u00f3n. Por ello no asume ning\u00fan tipo de responsabilidad frente a terceros por el comportamiento de los usuarios.<\/p>\n<h3 class=\"stone-semi post-title\"><a name=\"capitol7\"><\/a>Responsabilidad por da\u00f1os y perjuicios<\/h3>\n<p>Los Usuarios responder\u00e1n de los da\u00f1os y perjuicios de toda naturaleza que\u00a0#_________________#\u00a0pueda sufrir, directa o indirectamente, como consecuencia de incumplimiento de cualquiera de las obligaciones derivadas de las Condiciones Generales y, en su caso, de las Condiciones Particulares o de la Ley, en relaci\u00f3n con la utilizaci\u00f3n de la P\u00e1gina. As\u00ed como de los ocasionados por el mal uso o por la reproducci\u00f3n total o parcial, no autorizada expresamente por escrito, para cualquier finalidad.<\/p>\n<h3 class=\"stone-semi post-title\"><a name=\"capitol8\"><\/a>Privacidad y seguridad en la utilizaci\u00f3n de la P\u00e1gina y de los servicios<\/h3>\n<p>#_________________#\u00a0no garantiza la privacidad y seguridad de la utilizaci\u00f3n de la P\u00e1gina y de los servicios y, en particular, no garantiza que terceros no autorizados no puedan tener conocimiento de la clase, condiciones, caracter\u00edsticas y circunstancias del uso que los Usuarios hacen de la P\u00e1gina y de los servicios.<\/p>\n<p>#_________________# excluye toda responsabilidad por los da\u00f1os y perjuicios de toda naturaleza que pudieran deberse al conocimiento que puedan tener terceros no autorizados de la clase, condiciones, caracter\u00edsticas y circunstancias del uso que los usuarios hacen de la p\u00e1gina y de los servicios.<\/p>\n<h3 class=\"stone-semi post-title\"><a name=\"capitol9\"><\/a>Duraci\u00f3n y terminaci\u00f3n<\/h3>\n<p>La prestaci\u00f3n del servicio de la P\u00e1gina y de los dem\u00e1s servicios tiene, en principio, una duraci\u00f3n indefinida.\u00a0#_________________#\u00a0, no obstante, est\u00e1 autorizada para dar por terminada o suspender la prestaci\u00f3n del servicio del P\u00e1gina y\/o de cualquiera de los servicios en cualquier momento, sin perjuicio de lo que se hubiere dispuesto al respecto en las correspondientes Condiciones Particulares. Cuando ello sea razonablemente posible,\u00a0#_________________#\u00a0advertir\u00e1 previamente la terminaci\u00f3n o suspensi\u00f3n de la prestaci\u00f3n del servicio de la P\u00e1gina y de los dem\u00e1s servicios.<\/p>\n<h3 class=\"stone-semi post-title\"><a name=\"capitol10\"><\/a>Aceptaci\u00f3n de las presentes Condiciones Generales<\/h3>\n<p>La aceptaci\u00f3n de las presentes Condiciones Generales por parte de los Usuarios es condici\u00f3n previa indispensable y obligatoria para, en su caso, poderse beneficiar de los servicios en la misma contenidos. Los Usuarios declaran, bajo su responsabilidad, haber le\u00eddo las presentes Condiciones Generales de Acceso y Uso de la P\u00e1gina \u00edntegramente, y su confirman su aceptaci\u00f3n plena y voluntaria de las mismas.<\/p>\n<h3 class=\"stone-semi post-title\"><a name=\"capitol12\"><\/a>Ley aplicable y sumisi\u00f3n a Juzgados y Tribunales<\/h3>\n<p>Las presentes Condiciones de Uso se rigen por la normativa espa\u00f1ola. El Usuario y\u00a0#_________________#\u00a0, con renuncia a su propio fuero, se someten a los juzgados y tribunales de la ciudad de Barcelona (Espa\u00f1a).<\/p>\n<\/div>\n<\/div>\n<\/section>\n<\/div><\/section><\/p><\/div>\n","protected":false},"excerpt":{"rendered":"","protected":false},"author":1,"featured_media":0,"parent":0,"menu_order":0,"comment_status":"closed","ping_status":"closed","template":"","meta":{"footnotes":""},"class_list":["post-3","page","type-page","status-publish","hentry"],"yoast_head":"<!-- This site is optimized with the Yoast SEO plugin v27.5 - https:\/\/yoast.com\/product\/yoast-seo-wordpress\/ -->\n<title>Condiciones de uso de la web - MaresWagen<\/title>\n<meta name=\"robots\" content=\"index, follow, max-snippet:-1, max-image-preview:large, max-video-preview:-1\" \/>\n<link rel=\"canonical\" href=\"https:\/\/mareswagen.com\/es\/condiciones-de-uso-de-la-web\/\" \/>\n<meta property=\"og:locale\" content=\"es_ES\" \/>\n<meta property=\"og:type\" content=\"article\" \/>\n<meta property=\"og:title\" content=\"Condiciones de uso de la web - MaresWagen\" \/>\n<meta property=\"og:url\" content=\"https:\/\/mareswagen.com\/es\/condiciones-de-uso-de-la-web\/\" \/>\n<meta property=\"og:site_name\" content=\"MaresWagen\" \/>\n<meta property=\"article:modified_time\" content=\"2018-11-05T18:04:43+00:00\" \/>\n<meta name=\"twitter:card\" content=\"summary_large_image\" \/>\n<meta name=\"twitter:label1\" content=\"Tiempo de lectura\" \/>\n\t<meta name=\"twitter:data1\" content=\"12 minutos\" \/>\n<script type=\"application\/ld+json\" class=\"yoast-schema-graph\">{\"@context\":\"https:\\\/\\\/schema.org\",\"@graph\":[{\"@type\":\"WebPage\",\"@id\":\"https:\\\/\\\/mareswagen.com\\\/es\\\/condiciones-de-uso-de-la-web\\\/\",\"url\":\"https:\\\/\\\/mareswagen.com\\\/es\\\/condiciones-de-uso-de-la-web\\\/\",\"name\":\"Condiciones de uso de la web - MaresWagen\",\"isPartOf\":{\"@id\":\"https:\\\/\\\/mareswagen.com\\\/#website\"},\"datePublished\":\"2018-10-09T07:45:37+00:00\",\"dateModified\":\"2018-11-05T18:04:43+00:00\",\"breadcrumb\":{\"@id\":\"https:\\\/\\\/mareswagen.com\\\/es\\\/condiciones-de-uso-de-la-web\\\/#breadcrumb\"},\"inLanguage\":\"es\",\"potentialAction\":[{\"@type\":\"ReadAction\",\"target\":[\"https:\\\/\\\/mareswagen.com\\\/es\\\/condiciones-de-uso-de-la-web\\\/\"]}]},{\"@type\":\"BreadcrumbList\",\"@id\":\"https:\\\/\\\/mareswagen.com\\\/es\\\/condiciones-de-uso-de-la-web\\\/#breadcrumb\",\"itemListElement\":[{\"@type\":\"ListItem\",\"position\":1,\"name\":\"Portada\",\"item\":\"https:\\\/\\\/mareswagen.com\\\/es\\\/inicio\\\/\"},{\"@type\":\"ListItem\",\"position\":2,\"name\":\"Condiciones de uso de la web\"}]},{\"@type\":\"WebSite\",\"@id\":\"https:\\\/\\\/mareswagen.com\\\/#website\",\"url\":\"https:\\\/\\\/mareswagen.com\\\/\",\"name\":\"Clonica\",\"description\":\"Base WP\",\"potentialAction\":[{\"@type\":\"SearchAction\",\"target\":{\"@type\":\"EntryPoint\",\"urlTemplate\":\"https:\\\/\\\/mareswagen.com\\\/?s={search_term_string}\"},\"query-input\":{\"@type\":\"PropertyValueSpecification\",\"valueRequired\":true,\"valueName\":\"search_term_string\"}}],\"inLanguage\":\"es\"}]}<\/script>\n<!-- \/ Yoast SEO plugin. -->","yoast_head_json":{"title":"Condiciones de uso de la web - MaresWagen","robots":{"index":"index","follow":"follow","max-snippet":"max-snippet:-1","max-image-preview":"max-image-preview:large","max-video-preview":"max-video-preview:-1"},"canonical":"https:\/\/mareswagen.com\/es\/condiciones-de-uso-de-la-web\/","og_locale":"es_ES","og_type":"article","og_title":"Condiciones de uso de la web - MaresWagen","og_url":"https:\/\/mareswagen.com\/es\/condiciones-de-uso-de-la-web\/","og_site_name":"MaresWagen","article_modified_time":"2018-11-05T18:04:43+00:00","twitter_card":"summary_large_image","twitter_misc":{"Tiempo de lectura":"12 minutos"},"schema":{"@context":"https:\/\/schema.org","@graph":[{"@type":"WebPage","@id":"https:\/\/mareswagen.com\/es\/condiciones-de-uso-de-la-web\/","url":"https:\/\/mareswagen.com\/es\/condiciones-de-uso-de-la-web\/","name":"Condiciones de uso de la web - MaresWagen","isPartOf":{"@id":"https:\/\/mareswagen.com\/#website"},"datePublished":"2018-10-09T07:45:37+00:00","dateModified":"2018-11-05T18:04:43+00:00","breadcrumb":{"@id":"https:\/\/mareswagen.com\/es\/condiciones-de-uso-de-la-web\/#breadcrumb"},"inLanguage":"es","potentialAction":[{"@type":"ReadAction","target":["https:\/\/mareswagen.com\/es\/condiciones-de-uso-de-la-web\/"]}]},{"@type":"BreadcrumbList","@id":"https:\/\/mareswagen.com\/es\/condiciones-de-uso-de-la-web\/#breadcrumb","itemListElement":[{"@type":"ListItem","position":1,"name":"Portada","item":"https:\/\/mareswagen.com\/es\/inicio\/"},{"@type":"ListItem","position":2,"name":"Condiciones de uso de la web"}]},{"@type":"WebSite","@id":"https:\/\/mareswagen.com\/#website","url":"https:\/\/mareswagen.com\/","name":"Clonica","description":"Base WP","potentialAction":[{"@type":"SearchAction","target":{"@type":"EntryPoint","urlTemplate":"https:\/\/mareswagen.com\/?s={search_term_string}"},"query-input":{"@type":"PropertyValueSpecification","valueRequired":true,"valueName":"search_term_string"}}],"inLanguage":"es"}]}},"_links":{"self":[{"href":"https:\/\/mareswagen.com\/es\/wp-json\/wp\/v2\/pages\/3","targetHints":{"allow":["GET"]}}],"collection":[{"href":"https:\/\/mareswagen.com\/es\/wp-json\/wp\/v2\/pages"}],"about":[{"href":"https:\/\/mareswagen.com\/es\/wp-json\/wp\/v2\/types\/page"}],"author":[{"embeddable":true,"href":"https:\/\/mareswagen.com\/es\/wp-json\/wp\/v2\/users\/1"}],"replies":[{"embeddable":true,"href":"https:\/\/mareswagen.com\/es\/wp-json\/wp\/v2\/comments?post=3"}],"version-history":[{"count":0,"href":"https:\/\/mareswagen.com\/es\/wp-json\/wp\/v2\/pages\/3\/revisions"}],"wp:attachment":[{"href":"https:\/\/mareswagen.com\/es\/wp-json\/wp\/v2\/media?parent=3"}],"curies":[{"name":"wp","href":"https:\/\/api.w.org\/{rel}","templated":true}]}}